{"id":1099,"date":"2021-03-20T15:17:47","date_gmt":"2021-03-20T19:17:47","guid":{"rendered":"https:\/\/ceppecuador.org\/?page_id=1099"},"modified":"2021-03-20T15:21:41","modified_gmt":"2021-03-20T19:21:41","slug":"test-blog","status":"publish","type":"page","link":"https:\/\/ceppecuador.org\/es\/test-blog\/","title":{"rendered":"Test Blog"},"content":{"rendered":"<div data-elementor-type=\"wp-page\" data-elementor-id=\"1099\" class=\"elementor elementor-1099\">\n\t\t\t\t\t\t<section class=\"has_eae_slider elementor-section elementor-top-section elementor-element elementor-element-748dd26 elementor-section-boxed elementor-section-height-default elementor-section-height-default\" data-eae-slider=\"41168\" data-id=\"748dd26\" data-element_type=\"section\" data-e-type=\"section\">\n\t\t\t\t\t\t<div class=\"elementor-container elementor-column-gap-default\">\n\t\t\t\t\t<div class=\"has_eae_slider elementor-column elementor-col-33 elementor-top-column elementor-element elementor-element-0a13610\" data-eae-slider=\"94374\" data-id=\"0a13610\" data-element_type=\"column\" data-e-type=\"column\">\n\t\t\t<div class=\"elementor-widget-wrap elementor-element-populated\">\n\t\t\t\t\t\t<div class=\"elementor-element elementor-element-fddce35 elementor-widget elementor-widget-sidebar\" data-id=\"fddce35\" data-element_type=\"widget\" data-e-type=\"widget\" data-widget_type=\"sidebar.default\">\n\t\t\t\t<div class=\"elementor-widget-container\">\n\t\t\t\t\t<section id=\"search-2\" class=\"widget widget_search\"><form role=\"search\" method=\"get\" class=\"search-form\" action=\"https:\/\/ceppecuador.org\/es\/\" data-trp-original-action=\"https:\/\/ceppecuador.org\/es\/\">\n\t\t\t\t<label>\n\t\t\t\t\t<span class=\"screen-reader-text\">Buscar:<\/span>\n\t\t\t\t\t<input type=\"search\" class=\"search-field\" placeholder=\"Buscar &hellip;\" value=\"\" name=\"s\" \/>\n\t\t\t\t<\/label>\n\t\t\t\t<input type=\"submit\" class=\"search-submit\" value=\"Buscar\" \/>\n\t\t\t<input type=\"hidden\" name=\"trp-form-language\" value=\"es\"\/><\/form><\/section>\n\t\t<section id=\"recent-posts-2\" class=\"widget widget_recent_entries\">\n\t\t<h2 class=\"widget-title\">Entradas recientes<\/h2><nav aria-label=\"Entradas recientes\">\n\t\t<ul>\n\t\t\t\t\t\t\t\t\t\t\t<li>\n\t\t\t\t\t<a href=\"https:\/\/ceppecuador.org\/es\/foreigner-entrepreneur\/\">\u00bfPuede un extranjero abrir una compa\u00f1\u00eda en EE.UU.?<\/a>\n\t\t\t\t\t\t\t\t\t<\/li>\n\t\t\t\t\t\t\t\t\t\t\t<li>\n\t\t\t\t\t<a href=\"https:\/\/ceppecuador.org\/es\/what-is-ein\/\">\u00bfQu\u00e9 es el EIN o \"Tax ID\"?<\/a>\n\t\t\t\t\t\t\t\t\t<\/li>\n\t\t\t\t\t\t\t\t\t\t\t<li>\n\t\t\t\t\t<a href=\"https:\/\/ceppecuador.org\/es\/incorporate-in-usa\/\">\u00bfPor qu\u00e9 constituir una compa\u00f1\u00eda en EE.UU.?<\/a>\n\t\t\t\t\t\t\t\t\t<\/li>\n\t\t\t\t\t<\/ul>\n\n\t\t<\/nav><\/section><section id=\"recent-comments-2\" class=\"widget widget_recent_comments\"><h2 class=\"widget-title\">Comentarios recientes<\/h2><nav aria-label=\"Comentarios recientes\"><ul id=\"recentcomments\"><\/ul><\/nav><\/section><section id=\"archives-2\" class=\"widget widget_archive\"><h2 class=\"widget-title\">Archivos<\/h2><nav aria-label=\"Archivos\">\n\t\t\t<ul>\n\t\t\t\t\t<li><a href='https:\/\/ceppecuador.org\/es\/2021\/02\/'>febrero 2021<\/a><\/li>\n\t<li><a href='https:\/\/ceppecuador.org\/es\/2020\/12\/'>diciembre 2020<\/a><\/li>\n\t\t\t<\/ul>\n\n\t\t\t<\/nav><\/section><section id=\"categories-2\" class=\"widget widget_categories\"><h2 class=\"widget-title\">Categor\u00edas<\/h2><nav aria-label=\"Categor\u00edas\">\n\t\t\t<ul>\n\t\t\t\t\t<li class=\"cat-item cat-item-1\"><a href=\"https:\/\/ceppecuador.org\/es\/category\/news-and-information\/\">M\u00e1s Recursos<\/a>\n<\/li>\n\t\t\t<\/ul>\n\n\t\t\t<\/nav><\/section><section id=\"meta-2\" class=\"widget widget_meta\"><h2 class=\"widget-title\">Meta<\/h2><nav aria-label=\"Meta\">\n\t\t<ul>\n\t\t\t\t\t\t<li><a href=\"https:\/\/ceppecuador.org\/wp-login.php\">Acceder<\/a><\/li>\n\t\t\t<li><a href=\"https:\/\/ceppecuador.org\/es\/feed\/\">Feed de entradas<\/a><\/li>\n\t\t\t<li><a href=\"https:\/\/ceppecuador.org\/es\/comments\/feed\/\">Feed de comentarios<\/a><\/li>\n\n\t\t\t<li><a href=\"https:\/\/es.wordpress.org\/\">WordPress.org<\/a><\/li>\n\t\t<\/ul>\n\n\t\t<\/nav><\/section>\t\t\t\t<\/div>\n\t\t\t\t<\/div>\n\t\t\t\t\t<\/div>\n\t\t<\/div>\n\t\t\t\t<div class=\"has_eae_slider elementor-column elementor-col-66 elementor-top-column elementor-element elementor-element-0ed3ec7\" data-eae-slider=\"48664\" data-id=\"0ed3ec7\" data-element_type=\"column\" data-e-type=\"column\">\n\t\t\t<div class=\"elementor-widget-wrap\">\n\t\t\t\t\t\t\t<\/div>\n\t\t<\/div>\n\t\t\t\t\t<\/div>\n\t\t<\/section>\n\t\t\t\t<\/div>","protected":false},"excerpt":{"rendered":"","protected":false},"author":1,"featured_media":0,"parent":0,"menu_order":0,"comment_status":"closed","ping_status":"closed","template":"","meta":{"_acf_changed":false,"inline_featured_image":false,"footnotes":""},"class_list":["post-1099","page","type-page","status-publish","hentry","entry"],"acf":[],"post_mailing_queue_ids":[],"_links":{"self":[{"href":"https:\/\/ceppecuador.org\/es\/wp-json\/wp\/v2\/pages\/1099","targetHints":{"allow":["GET"]}}],"collection":[{"href":"https:\/\/ceppecuador.org\/es\/wp-json\/wp\/v2\/pages"}],"about":[{"href":"https:\/\/ceppecuador.org\/es\/wp-json\/wp\/v2\/types\/page"}],"author":[{"embeddable":true,"href":"https:\/\/ceppecuador.org\/es\/wp-json\/wp\/v2\/users\/1"}],"replies":[{"embeddable":true,"href":"https:\/\/ceppecuador.org\/es\/wp-json\/wp\/v2\/comments?post=1099"}],"version-history":[{"count":4,"href":"https:\/\/ceppecuador.org\/es\/wp-json\/wp\/v2\/pages\/1099\/revisions"}],"predecessor-version":[{"id":1104,"href":"https:\/\/ceppecuador.org\/es\/wp-json\/wp\/v2\/pages\/1099\/revisions\/1104"}],"wp:attachment":[{"href":"https:\/\/ceppecuador.org\/es\/wp-json\/wp\/v2\/media?parent=1099"}],"curies":[{"name":"wp","href":"https:\/\/api.w.org\/{rel}","templated":true}]}}