{"id":29,"date":"2020-12-31T02:40:26","date_gmt":"2020-12-31T06:40:26","guid":{"rendered":"https:\/\/ceppecuador.org\/?page_id=29"},"modified":"2024-11-21T21:34:56","modified_gmt":"2024-11-22T02:34:56","slug":"about-cepp","status":"publish","type":"page","link":"https:\/\/ceppecuador.org\/es\/about-cepp\/","title":{"rendered":"CEPP Team"},"content":{"rendered":"<div data-elementor-type=\"wp-page\" data-elementor-id=\"29\" class=\"elementor elementor-29\">\n\t\t\t\t\t\t<section class=\"has_eae_slider elementor-section elementor-top-section elementor-element elementor-element-5ce5013 elementor-section-boxed elementor-section-height-default elementor-section-height-default\" data-eae-slider=\"64622\" data-id=\"5ce5013\" data-element_type=\"section\" data-e-type=\"section\">\n\t\t\t\t\t\t<div class=\"elementor-container elementor-column-gap-default\">\n\t\t\t\t\t<div class=\"has_eae_slider elementor-column elementor-col-100 elementor-top-column elementor-element elementor-element-1240524\" data-eae-slider=\"63725\" data-id=\"1240524\" data-element_type=\"column\" data-e-type=\"column\">\n\t\t\t<div class=\"elementor-widget-wrap elementor-element-populated\">\n\t\t\t\t\t\t<div class=\"elementor-element elementor-element-22b8c08 elementor-widget elementor-widget-spacer\" data-id=\"22b8c08\" data-element_type=\"widget\" data-e-type=\"widget\" data-widget_type=\"spacer.default\">\n\t\t\t\t<div class=\"elementor-widget-container\">\n\t\t\t\t\t\t\t<div class=\"elementor-spacer\">\n\t\t\t<div class=\"elementor-spacer-inner\"><\/div>\n\t\t<\/div>\n\t\t\t\t\t\t<\/div>\n\t\t\t\t<\/div>\n\t\t\t\t\t<\/div>\n\t\t<\/div>\n\t\t\t\t\t<\/div>\n\t\t<\/section>\n\t\t\t\t<section class=\"has_eae_slider elementor-section elementor-top-section elementor-element elementor-element-84a7551 elementor-section-boxed elementor-section-height-default elementor-section-height-default\" data-eae-slider=\"70086\" data-id=\"84a7551\" data-element_type=\"section\" data-e-type=\"section\">\n\t\t\t\t\t\t<div class=\"elementor-container elementor-column-gap-extended\">\n\t\t\t\t\t<div class=\"has_eae_slider elementor-column elementor-col-50 elementor-top-column elementor-element elementor-element-74595de\" data-eae-slider=\"91097\" data-id=\"74595de\" data-element_type=\"column\" data-e-type=\"column\">\n\t\t\t<div class=\"elementor-widget-wrap elementor-element-populated\">\n\t\t\t\t\t\t<div class=\"elementor-element elementor-element-0668cf3 elementor-widget elementor-widget-heading\" data-id=\"0668cf3\" data-element_type=\"widget\" data-e-type=\"widget\" data-widget_type=\"heading.default\">\n\t\t\t\t<div class=\"elementor-widget-container\">\n\t\t\t\t\t<h2 class=\"elementor-heading-title elementor-size-default\">NUESTRA TAYECTORIA<\/h2>\t\t\t\t<\/div>\n\t\t\t\t<\/div>\n\t\t\t\t<div class=\"elementor-element elementor-element-60ada38 elementor-invisible elementor-widget elementor-widget-image\" data-id=\"60ada38\" data-element_type=\"widget\" data-e-type=\"widget\" data-settings=\"{&quot;_animation&quot;:&quot;slideInLeft&quot;}\" data-widget_type=\"image.default\">\n\t\t\t\t<div class=\"elementor-widget-container\">\n\t\t\t\t\t\t\t\t\t\t\t\t\t\t\t<img decoding=\"async\" src=\"https:\/\/ceppecuador.org\/wp-content\/uploads\/elementor\/thumbs\/foto-2-p6dtnghm0xddv34zpi1cnnpnildstl76l1n2qneu9k.jpg\" title=\"Fundadores CEPP\" alt=\"Fundadores CEPP\" loading=\"lazy\" \/>\t\t\t\t\t\t\t\t\t\t\t\t\t\t\t<\/div>\n\t\t\t\t<\/div>\n\t\t\t\t<div class=\"elementor-element elementor-element-3864db2 elementor-widget elementor-widget-text-editor\" data-id=\"3864db2\" data-element_type=\"widget\" data-e-type=\"widget\" data-widget_type=\"text-editor.default\">\n\t\t\t\t<div class=\"elementor-widget-container\">\n\t\t\t\t\t\t\t\t\t<strong>1979 &#8211; 1990<\/strong>\n<br>\nEl trabajo de CEPP durante la primera d\u00e9cada se enfoc\u00f3 en procesos organizativos y educativos no formales. Realiz\u00f3 estudios y desarroll\u00f3 proyectos con comunidades rurales e ind\u00edgenas de la Sierra y organizaciones campesinas de la Costa ecuatoriana. Gener\u00f3 un programa de educaci\u00f3n formal para el sector artesanal.\t\t\t\t\t\t\t\t<\/div>\n\t\t\t\t<\/div>\n\t\t\t\t<div class=\"elementor-element elementor-element-e9ac2f4 elementor-widget elementor-widget-text-editor\" data-id=\"e9ac2f4\" data-element_type=\"widget\" data-e-type=\"widget\" data-widget_type=\"text-editor.default\">\n\t\t\t\t<div class=\"elementor-widget-container\">\n\t\t\t\t\t\t\t\t\t<strong>1991 &#8211; 2000<\/strong>\n<br>\nEn esta d\u00e9cada, CEPP realiz\u00f3 contribuciones en el campo de las pol\u00edticas p\u00fablicas de educaci\u00f3n para personas j\u00f3venes y adultas, el dise\u00f1o curricular, la producci\u00f3n de recursos educativos para la alfabetizaci\u00f3n, la educaci\u00f3n b\u00e1sica y el bachillerato a distancia, en apoyo a los programas del Ministerio de Educaci\u00f3n.\t\t\t\t\t\t\t\t<\/div>\n\t\t\t\t<\/div>\n\t\t\t\t<div class=\"elementor-element elementor-element-f8a31b4 elementor-invisible elementor-widget elementor-widget-image\" data-id=\"f8a31b4\" data-element_type=\"widget\" data-e-type=\"widget\" data-settings=\"{&quot;_animation&quot;:&quot;zoomIn&quot;}\" data-widget_type=\"image.default\">\n\t\t\t\t<div class=\"elementor-widget-container\">\n\t\t\t\t\t\t\t\t\t\t\t\t\t\t\t<img decoding=\"async\" src=\"https:\/\/ceppecuador.org\/wp-content\/uploads\/elementor\/thumbs\/Nuestra-historia-a-1-p6dvs7z45ueomvm0ggj4oyustvobm20hcj53la0jaw.jpg\" title=\"OLYMPUS DIGITAL CAMERA\" alt=\"OLYMPUS DIGITAL CAMERA\" loading=\"lazy\" \/>\t\t\t\t\t\t\t\t\t\t\t\t\t\t\t<\/div>\n\t\t\t\t<\/div>\n\t\t\t\t<div class=\"elementor-element elementor-element-3c23a5a elementor-widget elementor-widget-text-editor\" data-id=\"3c23a5a\" data-element_type=\"widget\" data-e-type=\"widget\" data-widget_type=\"text-editor.default\">\n\t\t\t\t<div class=\"elementor-widget-container\">\n\t\t\t\t\t\t\t\t\t<strong>2001 &#8211; 2010<\/strong>\n<br>\nEsta fue una d\u00e9cada de mayor especializaci\u00f3n en enfoques pedag\u00f3gicos y andrag\u00f3gicos aplicados a programas educativos formales y no formales, en modalidades presencial, a distancia y virtual, centrados en el crecimiento personal, el desarrollo de la lectura y escritura y el pensamiento cr\u00edtico. Trabaj\u00f3 especialmente en la preparaci\u00f3n de mediadores educativos y la producci\u00f3n de herramientas educomunicativas.\t\t\t\t\t\t\t\t<\/div>\n\t\t\t\t<\/div>\n\t\t\t\t<div class=\"elementor-element elementor-element-b2137ab elementor-invisible elementor-widget elementor-widget-image\" data-id=\"b2137ab\" data-element_type=\"widget\" data-e-type=\"widget\" data-settings=\"{&quot;_animation&quot;:&quot;fadeIn&quot;}\" data-widget_type=\"image.default\">\n\t\t\t\t<div class=\"elementor-widget-container\">\n\t\t\t\t\t\t\t\t\t\t\t\t\t\t\t<img decoding=\"async\" src=\"https:\/\/ceppecuador.org\/wp-content\/uploads\/elementor\/thumbs\/P1030100-p6dx8tzwp0fgh56u8p8dr6wltacxg5vm8xohlu0914.jpg\" title=\"Cepp en ONU\" alt=\"Cepp en ONU\" loading=\"lazy\" \/>\t\t\t\t\t\t\t\t\t\t\t\t\t\t\t<\/div>\n\t\t\t\t<\/div>\n\t\t\t\t<div class=\"elementor-element elementor-element-7dc077f elementor-widget elementor-widget-text-editor\" data-id=\"7dc077f\" data-element_type=\"widget\" data-e-type=\"widget\" data-widget_type=\"text-editor.default\">\n\t\t\t\t<div class=\"elementor-widget-container\">\n\t\t\t\t\t\t\t\t\t<p><strong>2011 &#8211; 2025<\/strong><\/p><p>Desde 2021, CEPP ha estado activo en temas de educaci\u00f3n, emprendimiento y conservaci\u00f3n de la naturaleza. En la \u00faltima d\u00e9cada integramos experiencias que permiten aprovechar la biodiversidad y manejar sustentablemente los recursos naturales, fortaleciendo las econom\u00edas locales, el desarrollo comunitario y el desarrollo econ\u00f3mico a trav\u00e9s del emprendimiento.<\/p><p>\u00a0<\/p><p>En 2015 creamos nuestra organizacion hermana en EE.UU. y hemos venido invirtiendo en el fomento de iniciativas aut\u00f3nomas para continuar generando valor a nuestra comunidad. En 2019 creamos el programa  CEPP Startup, un proyecto \u00fanico de emprendedores para emprendedores. Haz clic abajo para conocer m\u00e1s.<\/p>\t\t\t\t\t\t\t\t<\/div>\n\t\t\t\t<\/div>\n\t\t\t\t<div class=\"elementor-element elementor-element-87929aa elementor-widget elementor-widget-image\" data-id=\"87929aa\" data-element_type=\"widget\" data-e-type=\"widget\" data-widget_type=\"image.default\">\n\t\t\t\t<div class=\"elementor-widget-container\">\n\t\t\t\t\t\t\t\t\t\t\t\t\t\t\t\t<a href=\"https:\/\/ceppstartup.com\" target=\"_blank\">\n\t\t\t\t\t\t\t<img fetchpriority=\"high\" decoding=\"async\" width=\"300\" height=\"300\" src=\"https:\/\/ceppecuador.org\/wp-content\/uploads\/2021\/03\/logo.svg\" class=\"attachment-medium size-medium wp-image-1082\" alt=\"Cepp Startup\" sizes=\"(max-width: 34.9rem) calc(100vw - 2rem), (max-width: 53rem) calc(8 * (100vw \/ 12)), (min-width: 53rem) calc(6 * (100vw \/ 12)), 100vw\" \/>\t\t\t\t\t\t\t\t<\/a>\n\t\t\t\t\t\t\t\t\t\t\t\t\t\t\t<\/div>\n\t\t\t\t<\/div>\n\t\t\t\t\t<\/div>\n\t\t<\/div>\n\t\t\t\t<div class=\"has_eae_slider elementor-column elementor-col-50 elementor-top-column elementor-element elementor-element-ea18385\" data-eae-slider=\"25472\" data-id=\"ea18385\" data-element_type=\"column\" data-e-type=\"column\">\n\t\t\t<div class=\"elementor-widget-wrap elementor-element-populated\">\n\t\t\t\t\t\t<div class=\"elementor-element elementor-element-10858af elementor-widget elementor-widget-heading\" data-id=\"10858af\" data-element_type=\"widget\" data-e-type=\"widget\" data-widget_type=\"heading.default\">\n\t\t\t\t<div class=\"elementor-widget-container\">\n\t\t\t\t\t<h2 class=\"elementor-heading-title elementor-size-default\">NUESTRO EQUIPO<\/h2>\t\t\t\t<\/div>\n\t\t\t\t<\/div>\n\t\t\t\t<div class=\"elementor-element elementor-element-ee31cdc elementor-widget elementor-widget-text-editor\" data-id=\"ee31cdc\" data-element_type=\"widget\" data-e-type=\"widget\" data-widget_type=\"text-editor.default\">\n\t\t\t\t<div class=\"elementor-widget-container\">\n\t\t\t\t\t\t\t\t\t<p>La estructura de CEPP se compone de un Directorio de Miembros, que define la visi\u00f3n e iniciativas de la organizaci\u00f3n. A esto se suma el equipo de profesionales expertos y consultores con amplia experiencia de campo en las \u00e1reas de inter\u00e9s.<\/p>\t\t\t\t\t\t\t\t<\/div>\n\t\t\t\t<\/div>\n\t\t\t\t<div class=\"elementor-element elementor-element-d70d98f elementor-widget elementor-widget-toggle\" data-id=\"d70d98f\" data-element_type=\"widget\" data-e-type=\"widget\" data-widget_type=\"toggle.default\">\n\t\t\t\t<div class=\"elementor-widget-container\">\n\t\t\t\t\t\t\t<div class=\"elementor-toggle\">\n\t\t\t\t\t\t\t<div class=\"elementor-toggle-item\">\n\t\t\t\t\t<div id=\"elementor-tab-title-2251\" class=\"elementor-tab-title\" data-tab=\"1\" role=\"button\" aria-controls=\"elementor-tab-content-2251\" aria-expanded=\"false\">\n\t\t\t\t\t\t\t\t\t\t\t\t<span class=\"elementor-toggle-icon elementor-toggle-icon-left\" aria-hidden=\"true\">\n\t\t\t\t\t\t\t\t\t\t\t\t\t\t\t<span class=\"elementor-toggle-icon-closed\"><i class=\"fas fa-caret-right\"><\/i><\/span>\n\t\t\t\t\t\t\t\t<span class=\"elementor-toggle-icon-opened\"><i class=\"elementor-toggle-icon-opened fas fa-caret-up\"><\/i><\/span>\n\t\t\t\t\t\t\t\t\t\t\t\t\t<\/span>\n\t\t\t\t\t\t\t\t\t\t\t\t<a class=\"elementor-toggle-title\" tabindex=\"0\">Directores Ad-Hoc Actuales<\/a>\n\t\t\t\t\t<\/div>\n\n\t\t\t\t\t<div id=\"elementor-tab-content-2251\" class=\"elementor-tab-content elementor-clearfix\" data-tab=\"1\" role=\"region\" aria-labelledby=\"elementor-tab-title-2251\"><strong>Centro de Educaci\u00f3n y Promoci\u00f3n Social y Profesional<\/strong>\n<ul>\n \t<li>Cecilia Amaluisa Fiallos &#8211; Executive Director<\/li>\n<\/ul><br>\n<strong>Center for Education and Profesional Promotion Incorporated<\/strong>\n<ul>\n \t<li>Camilo H. Cruz.<\/li>\n<\/ul><\/div>\n\t\t\t\t<\/div>\n\t\t\t\t\t\t\t<div class=\"elementor-toggle-item\">\n\t\t\t\t\t<div id=\"elementor-tab-title-2252\" class=\"elementor-tab-title\" data-tab=\"2\" role=\"button\" aria-controls=\"elementor-tab-content-2252\" aria-expanded=\"false\">\n\t\t\t\t\t\t\t\t\t\t\t\t<span class=\"elementor-toggle-icon elementor-toggle-icon-left\" aria-hidden=\"true\">\n\t\t\t\t\t\t\t\t\t\t\t\t\t\t\t<span class=\"elementor-toggle-icon-closed\"><i class=\"fas fa-caret-right\"><\/i><\/span>\n\t\t\t\t\t\t\t\t<span class=\"elementor-toggle-icon-opened\"><i class=\"elementor-toggle-icon-opened fas fa-caret-up\"><\/i><\/span>\n\t\t\t\t\t\t\t\t\t\t\t\t\t<\/span>\n\t\t\t\t\t\t\t\t\t\t\t\t<a class=\"elementor-toggle-title\" tabindex=\"0\">Members of the Board<\/a>\n\t\t\t\t\t<\/div>\n\n\t\t\t\t\t<div id=\"elementor-tab-content-2252\" class=\"elementor-tab-content elementor-clearfix\" data-tab=\"2\" role=\"region\" aria-labelledby=\"elementor-tab-title-2252\"><strong>CEPP Ecuador:<\/strong>\n<br>\n&#8211; Hern\u00e1n Rafael Cruz (*Acting also as Legal Representative)<br>\n&#8211; Juan Carlos Collar<br>\n&#8211; Paola Sylva\n<br><br>\n<strong>CEPP USA:<\/strong>\n<br>\n&#8211; Rodrigo Torres Tobar<br>\n&#8211; Cecilia Amaluisa Fiallos<br>\n&#8211; Camilo H. Cruz<br><\/div>\n\t\t\t\t<\/div>\n\t\t\t\t\t\t\t\t<\/div>\n\t\t\t\t\t\t<\/div>\n\t\t\t\t<\/div>\n\t\t\t\t<div class=\"elementor-element elementor-element-2f7acde elementor-widget elementor-widget-heading\" data-id=\"2f7acde\" data-element_type=\"widget\" data-e-type=\"widget\" data-widget_type=\"heading.default\">\n\t\t\t\t<div class=\"elementor-widget-container\">\n\t\t\t\t\t<h2 class=\"elementor-heading-title elementor-size-default\">Equipo Profesional<\/h2>\t\t\t\t<\/div>\n\t\t\t\t<\/div>\n\t\t\t\t<div class=\"elementor-element elementor-element-8b9f662 elementor-position-top elementor-widget elementor-widget-image-box\" data-id=\"8b9f662\" data-element_type=\"widget\" data-e-type=\"widget\" data-widget_type=\"image-box.default\">\n\t\t\t\t<div class=\"elementor-widget-container\">\n\t\t\t\t\t<div class=\"elementor-image-box-wrapper\"><figure class=\"elementor-image-box-img\"><a href=\"https:\/\/www.linkedin.com\/in\/margarita-chavez\" target=\"_blank\" tabindex=\"-1\"><img decoding=\"async\" width=\"300\" height=\"300\" src=\"https:\/\/ceppecuador.org\/wp-content\/uploads\/2021\/04\/Margarita-Chavez-300x300.jpg\" class=\"elementor-animation-push attachment-medium size-medium wp-image-1410\" alt=\"Margarita Ch\u00e1vez\" srcset=\"https:\/\/ceppecuador.org\/wp-content\/uploads\/2021\/04\/Margarita-Chavez-300x300.jpg 300w, https:\/\/ceppecuador.org\/wp-content\/uploads\/2021\/04\/Margarita-Chavez-1024x1024.jpg 1024w, https:\/\/ceppecuador.org\/wp-content\/uploads\/2021\/04\/Margarita-Chavez-150x150.jpg 150w, https:\/\/ceppecuador.org\/wp-content\/uploads\/2021\/04\/Margarita-Chavez-768x768.jpg 768w, https:\/\/ceppecuador.org\/wp-content\/uploads\/2021\/04\/Margarita-Chavez.jpg 2014w\" sizes=\"(max-width: 300px) 100vw, 300px\" \/><\/a><\/figure><div class=\"elementor-image-box-content\"><h3 class=\"elementor-image-box-title\"><a href=\"https:\/\/www.linkedin.com\/in\/margarita-chavez\" target=\"_blank\">Margarita Ch\u00e1vez | Consultora Experta<\/a><\/h3><p class=\"elementor-image-box-description\">Mgs en Gesti\u00f3n del Desarrollo. Margarita cuenta una amplia trayectoria en gesti\u00f3n de procesos de innovaci\u00f3n, modelos de negocios, uso de metodolog\u00edas \u00e1giles y financiamiento con capital semilla.<\/p><\/div><\/div>\t\t\t\t<\/div>\n\t\t\t\t<\/div>\n\t\t\t\t<div class=\"elementor-element elementor-element-40b2360 elementor-position-top elementor-widget elementor-widget-image-box\" data-id=\"40b2360\" data-element_type=\"widget\" data-e-type=\"widget\" data-widget_type=\"image-box.default\">\n\t\t\t\t<div class=\"elementor-widget-container\">\n\t\t\t\t\t<div class=\"elementor-image-box-wrapper\"><figure class=\"elementor-image-box-img\"><a href=\"https:\/\/www.linkedin.com\/in\/roberto-carlos-moya-9799a562\" target=\"_blank\" tabindex=\"-1\"><img decoding=\"async\" width=\"300\" height=\"300\" src=\"https:\/\/ceppecuador.org\/wp-content\/uploads\/2021\/04\/Roberto-Moya-300x300.jpg\" class=\"elementor-animation-push attachment-medium size-medium wp-image-1428\" alt=\"Roberto Moya\" srcset=\"https:\/\/ceppecuador.org\/wp-content\/uploads\/2021\/04\/Roberto-Moya-300x300.jpg 300w, https:\/\/ceppecuador.org\/wp-content\/uploads\/2021\/04\/Roberto-Moya-150x150.jpg 150w, https:\/\/ceppecuador.org\/wp-content\/uploads\/2021\/04\/Roberto-Moya-12x12.jpg 12w, https:\/\/ceppecuador.org\/wp-content\/uploads\/2021\/04\/Roberto-Moya.jpg 760w\" sizes=\"(max-width: 300px) 100vw, 300px\" \/><\/a><\/figure><div class=\"elementor-image-box-content\"><h3 class=\"elementor-image-box-title\"><a href=\"https:\/\/www.linkedin.com\/in\/roberto-carlos-moya-9799a562\" target=\"_blank\">Roberto Moya | Consultor Experto<\/a><\/h3><p class=\"elementor-image-box-description\">Ph.D (c) en Dise\u00f1o, Fabricaci\u00f3n y Gesti\u00f3n de Proyectos Industriales. Roberto es especialista en prototipado de proyectos de apropiaci\u00f3n social e innovaci\u00f3n, dise\u00f1o y desarrollo de productos industriales, modelado 3D y fabricaci\u00f3n digital.<\/p><\/div><\/div>\t\t\t\t<\/div>\n\t\t\t\t<\/div>\n\t\t\t\t<div class=\"elementor-element elementor-element-9f0a9b2 elementor-position-top elementor-widget elementor-widget-image-box\" data-id=\"9f0a9b2\" data-element_type=\"widget\" data-e-type=\"widget\" data-widget_type=\"image-box.default\">\n\t\t\t\t<div class=\"elementor-widget-container\">\n\t\t\t\t\t<div class=\"elementor-image-box-wrapper\"><figure class=\"elementor-image-box-img\"><a href=\"https:\/\/www.linkedin.com\/in\/juliocesargarciag\" target=\"_blank\" tabindex=\"-1\"><img loading=\"lazy\" decoding=\"async\" width=\"300\" height=\"300\" src=\"https:\/\/ceppecuador.org\/wp-content\/uploads\/2021\/04\/Julio-Cesar-Garcia-300x300.jpg\" class=\"elementor-animation-push attachment-medium size-medium wp-image-1418\" alt=\"Julio C\u00e9sar Garc\u00eda\" srcset=\"https:\/\/ceppecuador.org\/wp-content\/uploads\/2021\/04\/Julio-Cesar-Garcia-300x300.jpg 300w, https:\/\/ceppecuador.org\/wp-content\/uploads\/2021\/04\/Julio-Cesar-Garcia-150x150.jpg 150w, https:\/\/ceppecuador.org\/wp-content\/uploads\/2021\/04\/Julio-Cesar-Garcia-12x12.jpg 12w, https:\/\/ceppecuador.org\/wp-content\/uploads\/2021\/04\/Julio-Cesar-Garcia.jpg 381w\" sizes=\"(max-width: 300px) 100vw, 300px\" \/><\/a><\/figure><div class=\"elementor-image-box-content\"><h3 class=\"elementor-image-box-title\"><a href=\"https:\/\/www.linkedin.com\/in\/juliocesargarciag\" target=\"_blank\">Julio C\u00e9sar Garc\u00eda | Consultor Experto<\/a><\/h3><p class=\"elementor-image-box-description\">Mgs. en Tecno-Emprendimiento y TICs. Julio lidera proyectos de transformaci\u00f3n digital, es facilitador en metodolog\u00edas de innovaci\u00f3n, apoya procesos de incubaci\u00f3n y es representante de startups de Asia en Latinoam\u00e9rica.<\/p><\/div><\/div>\t\t\t\t<\/div>\n\t\t\t\t<\/div>\n\t\t\t\t<div class=\"elementor-element elementor-element-0bdd329 elementor-position-top elementor-widget elementor-widget-image-box\" data-id=\"0bdd329\" data-element_type=\"widget\" data-e-type=\"widget\" data-widget_type=\"image-box.default\">\n\t\t\t\t<div class=\"elementor-widget-container\">\n\t\t\t\t\t<div class=\"elementor-image-box-wrapper\"><figure class=\"elementor-image-box-img\"><a href=\"https:\/\/www.linkedin.com\/in\/andrea-mancheno-herrera-b5592b107\" target=\"_blank\" tabindex=\"-1\"><img loading=\"lazy\" decoding=\"async\" width=\"115\" height=\"115\" src=\"https:\/\/ceppecuador.org\/wp-content\/uploads\/2021\/04\/Andrea-Mancheno.jpg\" class=\"elementor-animation-push attachment-medium size-medium wp-image-1435\" alt=\"Andrea Mancheno\" srcset=\"https:\/\/ceppecuador.org\/wp-content\/uploads\/2021\/04\/Andrea-Mancheno.jpg 115w, https:\/\/ceppecuador.org\/wp-content\/uploads\/2021\/04\/Andrea-Mancheno-12x12.jpg 12w\" sizes=\"(max-width: 115px) 100vw, 115px\" \/><\/a><\/figure><div class=\"elementor-image-box-content\"><h3 class=\"elementor-image-box-title\"><a href=\"https:\/\/www.linkedin.com\/in\/andrea-mancheno-herrera-b5592b107\" target=\"_blank\">Andrea Mancheno | Expert Consultant<\/a><\/h3><p class=\"elementor-image-box-description\">Mgs en Ambiente. Andrea es experta en sostenibilidad urbana y rural, gesti\u00f3n integral de recursos naturales, conservaci\u00f3n ambiental y econom\u00eda circular.<\/p><\/div><\/div>\t\t\t\t<\/div>\n\t\t\t\t<\/div>\n\t\t\t\t\t<\/div>\n\t\t<\/div>\n\t\t\t\t\t<\/div>\n\t\t<\/section>\n\t\t\t\t<section class=\"has_eae_slider elementor-section elementor-top-section elementor-element elementor-element-8c474bf elementor-section-boxed elementor-section-height-default elementor-section-height-default\" data-eae-slider=\"17245\" data-id=\"8c474bf\" data-element_type=\"section\" data-e-type=\"section\">\n\t\t\t\t\t\t<div class=\"elementor-container elementor-column-gap-default\">\n\t\t\t\t\t<div class=\"has_eae_slider elementor-column elementor-col-100 elementor-top-column elementor-element elementor-element-0cef64a\" data-eae-slider=\"65113\" data-id=\"0cef64a\" data-element_type=\"column\" data-e-type=\"column\">\n\t\t\t<div class=\"elementor-widget-wrap elementor-element-populated\">\n\t\t\t\t\t\t<div class=\"elementor-element elementor-element-a353db5 elementor-widget elementor-widget-spacer\" data-id=\"a353db5\" data-element_type=\"widget\" data-e-type=\"widget\" data-widget_type=\"spacer.default\">\n\t\t\t\t<div class=\"elementor-widget-container\">\n\t\t\t\t\t\t\t<div class=\"elementor-spacer\">\n\t\t\t<div class=\"elementor-spacer-inner\"><\/div>\n\t\t<\/div>\n\t\t\t\t\t\t<\/div>\n\t\t\t\t<\/div>\n\t\t\t\t\t<\/div>\n\t\t<\/div>\n\t\t\t\t\t<\/div>\n\t\t<\/section>\n\t\t\t\t<\/div>","protected":false},"excerpt":{"rendered":"<p>OUR TRAJECTORY 1979 &#8211; 1990 CEPP&#8217;s work during its first decade focused on non-formal educational and organizational processes with communities. We carried out studies and developed projects with rural and indigenous communities of the Sierra and peasant organizations of the Ecuadorian coast. We also created a formal education program for the artisan sector.1991 &#8211; 2000 [&hellip;]<\/p>\n","protected":false},"author":1,"featured_media":0,"parent":0,"menu_order":0,"comment_status":"closed","ping_status":"closed","template":"elementor_header_footer","meta":{"_acf_changed":false,"inline_featured_image":false,"footnotes":""},"class_list":["post-29","page","type-page","status-publish","hentry","entry"],"acf":[],"post_mailing_queue_ids":[],"_links":{"self":[{"href":"https:\/\/ceppecuador.org\/es\/wp-json\/wp\/v2\/pages\/29","targetHints":{"allow":["GET"]}}],"collection":[{"href":"https:\/\/ceppecuador.org\/es\/wp-json\/wp\/v2\/pages"}],"about":[{"href":"https:\/\/ceppecuador.org\/es\/wp-json\/wp\/v2\/types\/page"}],"author":[{"embeddable":true,"href":"https:\/\/ceppecuador.org\/es\/wp-json\/wp\/v2\/users\/1"}],"replies":[{"embeddable":true,"href":"https:\/\/ceppecuador.org\/es\/wp-json\/wp\/v2\/comments?post=29"}],"version-history":[{"count":5,"href":"https:\/\/ceppecuador.org\/es\/wp-json\/wp\/v2\/pages\/29\/revisions"}],"predecessor-version":[{"id":1460,"href":"https:\/\/ceppecuador.org\/es\/wp-json\/wp\/v2\/pages\/29\/revisions\/1460"}],"wp:attachment":[{"href":"https:\/\/ceppecuador.org\/es\/wp-json\/wp\/v2\/media?parent=29"}],"curies":[{"name":"wp","href":"https:\/\/api.w.org\/{rel}","templated":true}]}}